{"id":857,"date":"2024-11-11T22:04:33","date_gmt":"2024-11-12T03:04:33","guid":{"rendered":"https:\/\/noraclinique.com\/?page_id=857"},"modified":"2025-10-30T16:02:48","modified_gmt":"2025-10-30T21:02:48","slug":"blog","status":"publish","type":"page","link":"https:\/\/noraclinique.com\/en\/blog\/","title":{"rendered":"Blog"},"content":{"rendered":"<section class=\"bde-section-857-100 bde-section\">\n  \n  \n\t\n\n\n\n<div class=\"section-container\"><div class=\"bde-columns-857-101 bde-columns\"><div class=\"bde-column-857-102 bde-column\">\n  \n  \n\t\n\n\n\n\n<\/div><div class=\"bde-column-857-103 bde-column\">\n  \n  \n\t\n\n\n\n<h1 class=\"bde-heading-857-104 bde-heading\">\nBlog\n<\/h1><div class=\"bde-breadcrumbs-857-105 bde-breadcrumbs\">\n<span><span><a href=\"https:\/\/noraclinique.com\/en\/\">Accueil<\/a><\/span><\/span>\n<\/div>\n<\/div><\/div><\/div>\n<\/section><section class=\"bde-section-857-106 bde-section\">\n  \n  \n\t\n\n\n\n<div class=\"section-container\"><div class=\"bde-columns-857-107 bde-columns\"><div class=\"bde-column-857-108 bde-column\">\n  \n  \n\t\n\n\n\n<div class=\"bde-post-loop-857-109 bde-post-loop\">\n<div class=\"bde-loop bde-loop- ee-posts ee-posts-\">    <article class=\"bde-loop-item ee-post\">\n        <section class=\"bde-section-148-103-1043-148-1 bde-section bde-section-148-103\">\n  \n  \n\t\n\n\n\n<div class=\"section-container\"><img decoding=\"async\" class=\"bde-image2-148-102-1043-148-1 bde-image2 bde-image2-148-102\" src=\"https:\/\/noraclinique.com\/wp-content\/uploads\/2024\/11\/1.jpg\" alt=\"Three images of people having their feet scanned; those on the left have flat feet, and those on the right have normal feet.\" loading=\"lazy\" srcset=\"https:\/\/noraclinique.com\/wp-content\/uploads\/2024\/11\/1.jpg 1920w, https:\/\/noraclinique.com\/wp-content\/uploads\/2024\/11\/1-300x169.jpg 300w, https:\/\/noraclinique.com\/wp-content\/uploads\/2024\/11\/1-1024x576.jpg 1024w, https:\/\/noraclinique.com\/wp-content\/uploads\/2024\/11\/1-768x432.jpg 768w, https:\/\/noraclinique.com\/wp-content\/uploads\/2024\/11\/1-1536x864.jpg 1536w\" sizes=\"(max-width: 1920px) 100vw, 1920px\"><a class=\"bde-container-link-148-107-1043-148-1 bde-container-link bde-container-link-148-107 breakdance-link\" href=\"https:\/\/noraclinique.com\/en\/little-feet-will-grow-big\/\" target=\"_self\" data-type=\"url\">\n  \n  \n\t\n\n\n\n<h2 class=\"bde-heading-148-100-1043-148-1 bde-heading bde-heading-148-100\">\nLittle feet will grow big\n<\/h2>\n\n<\/a><div class=\"bde-div-148-105-1043-148-1 bde-div bde-div-148-105\">\n  \n  \n\t\n\n\n\n<img decoding=\"async\" class=\"bde-image2-148-106-1043-148-1 bde-image2 bde-image2-148-106\" src=\"http:\/\/noraclinique.ecweb.dev\/wp-content\/uploads\/2024\/11\/cropped-favicon-40.png\" alt=\"Logo de Nora Clinique du pied\" loading=\"lazy\"><ul class=\"bde-post-meta-148-104-1043-148-1 bde-post-meta bde-post-meta-148-104\">\n            <li class=\"ee-postmeta-custom-wrap\">\n                                                        <span class=\"ee-postmeta-custom\">Nora Fertikh, T.P. proth\u00e8se-orth\u00e8se, Podo-orth\u00e9siste, directrice de laboratoire orthop\u00e8dique<\/span>\n                                <\/li>\n            \n<\/ul>\n<\/div><div class=\"bde-rich-text-148-101-1043-148-1 bde-rich-text bde-rich-text-148-101 breakdance-rich-text-styles\">\n\n<p>When children reach the age of eight, their feet are already fully developed. Boys and girls therefore benefit from acquiring habits that will contribute to good overall motor skills as early as possible. At the onset of puberty, the body&#8217;s growth will amplify minor foot defects, often caused by poor posture or demanding physical activities.  <\/p>\n\n<p>A baby&#8217;s foot often appears chubby due to the amount of fatty tissue. Sometimes it is even difficult to determine its exact outline. This is normal and will gradually improve. A small foot that appears flat is nothing to worry about in early childhood. Between birth and age three, children go through several stages of motor development. At seven or eight months, they should be able to pull themselves up to a standing position; between 9 and 16 months, they should start walking. They will climb stairs between 16 and 18 months and be able to go up and down them by around age three.<br\/>If your child does not fall into one of these age-based skill categories, it would be wise to consult a professional, as motor difficulties may be developing. When observing a child&#8217;s motor development, it is important to look not only at the foot, but at the entire lower limb: the hip, femur, knee joint, tibia, and ankle joint.        <\/p>\n\n<div class=\"wp-block-columns is-layout-flex wp-container-core-columns-is-layout-9d6595d7 wp-block-columns-is-layout-flex\">\n<div class=\"wp-block-column is-layout-flow wp-block-column-is-layout-flow\">\n<figure class=\"wp-block-image size-large\"><img loading=\"lazy\" decoding=\"async\" width=\"1024\" height=\"618\" src=\"https:\/\/noraclinique.ecweb.dev\/wp-content\/uploads\/2024\/11\/2-1024x618.png\" alt=\"\" class=\"wp-image-132\" srcset=\"https:\/\/noraclinique.com\/wp-content\/uploads\/2024\/11\/2-1024x618.png 1024w, https:\/\/noraclinique.com\/wp-content\/uploads\/2024\/11\/2-300x181.png 300w, https:\/\/noraclinique.com\/wp-content\/uploads\/2024\/11\/2-768x464.png 768w, https:\/\/noraclinique.com\/wp-content\/uploads\/2024\/11\/2.png 1085w\" sizes=\"auto, (max-width: 1024px) 100vw, 1024px\" \/><\/figure>\n<\/div>\n\n\n\n<div class=\"wp-block-column is-layout-flow wp-block-column-is-layout-flow\">\n<figure class=\"wp-block-image size-large\"><img loading=\"lazy\" decoding=\"async\" width=\"1024\" height=\"612\" src=\"https:\/\/noraclinique.ecweb.dev\/wp-content\/uploads\/2024\/11\/3-1024x612.png\" alt=\"\" class=\"wp-image-133\" srcset=\"https:\/\/noraclinique.com\/wp-content\/uploads\/2024\/11\/3-1024x612.png 1024w, https:\/\/noraclinique.com\/wp-content\/uploads\/2024\/11\/3-300x179.png 300w, https:\/\/noraclinique.com\/wp-content\/uploads\/2024\/11\/3-768x459.png 768w, https:\/\/noraclinique.com\/wp-content\/uploads\/2024\/11\/3.png 1096w\" sizes=\"auto, (max-width: 1024px) 100vw, 1024px\" \/><\/figure>\n<\/div>\n<\/div>\n\n<p>THE HIPS<br\/>The most common hip abnormality is dislocation. Parents usually notice this when they see that their child is walking awkwardly (see diagram 1). There are many causes, but surprisingly, baby diapers are often to blame! If they are too thick and too wide, they can prevent normal hip development. There are many cases of hip dislocation in children in North America and Europe. Curiously, on these continents, people use diapers that extend the legs and hips. As young children grow and change very quickly, such extension can lead to dislocation or ligament laxity. Obviously, the hip does not develop as it should under these conditions.       <\/p>\n\n<p>In comparison, hip dislocation is much less common in India and African countries. There, mothers carry their babies on their backs or hips, which puts the toddler&#8217;s hips and knees in a position that is conducive to normal development. Sometimes, poor intrauterine posture of the baby can also cause hip dislocation. However, this problem can be treated very effectively nowadays and leaves no lasting effects on the child. The earlier it is detected, the easier it is to correct, as the bones of a young child are still extremely malleable.    <\/p>\n\n<blockquote class=\"wp-block-quote is-layout-flow wp-block-quote-is-layout-flow\">\n<div class=\"wp-block-cover\" style=\"min-height:282px;aspect-ratio:unset;\"><span aria-hidden=\"true\" class=\"wp-block-cover__background has-background-dim\" style=\"background-color:#2a2725\"><\/span><img loading=\"lazy\" decoding=\"async\" width=\"573\" height=\"382\" class=\"wp-block-cover__image-background wp-image-130\" alt=\"\" src=\"https:\/\/noraclinique.ecweb.dev\/wp-content\/uploads\/2024\/11\/fond2.png\" data-object-fit=\"cover\" srcset=\"https:\/\/noraclinique.com\/wp-content\/uploads\/2024\/11\/fond2.png 573w, https:\/\/noraclinique.com\/wp-content\/uploads\/2024\/11\/fond2-300x200.png 300w\" sizes=\"auto, (max-width: 573px) 100vw, 573px\" \/><div class=\"wp-block-cover__inner-container is-layout-constrained wp-block-cover-is-layout-constrained\">\n<p class=\"has-text-align-left\">THE LEGS<br\/>Sometimes there are abnormal twists in the femurs and tibias that can cause motor problems if not treated quickly. The most common cases are bow legs (genu varum) and knock knees (genu valgum). These problems are exacerbated by sports activities. For example, in a child with knock knees, skating can cause foot injuries due to plantar stretching and lead to heel pain.   <\/p>\n<\/div><\/div>\n\n\n\n<blockquote class=\"wp-block-quote is-layout-flow wp-block-quote-is-layout-flow\">\n<blockquote class=\"wp-block-quote is-layout-flow wp-block-quote-is-layout-flow\">\n<p><\/p>\n<\/blockquote>\n<\/blockquote>\n\n\n\n<blockquote class=\"wp-block-quote is-layout-flow wp-block-quote-is-layout-flow\">\n<p><\/p>\n<\/blockquote>\n<\/blockquote>\n\n<p>THE FEET<br\/>High arches, clubfoot, metatarsus varus, feet that turn outward or inward&#8230; Among all these problems, two phenomena are more common than others. The first is pronated feet. The entire inner part of the foot, including the ankle joint, collapses inward.   <\/p>\n\n<p>This position is very often associated with flat feet. (See diagram 3) The second is when the front of the foot turns inward (metatarsus adductus). This is often the result of poor intrauterine positioning or muscle or bone weakness.   <br\/><br\/>FIRST POSITION<br\/>The incorrect position of the baby in the mother&#8217;s womb obviously means that the child is at risk of being born with various malformations or health problems. However, in the case of foot problems, these are most often caused by poor posture adopted by the child in everyday life. Observe your child closely, especially when they are playing, and note how they stand. Bad habits cause or accentuate deformities that could easily be avoided. The diagrams provided here give you an idea of good and bad posture in children, from birth until their feet reach skeletal maturity.    <br\/><br\/>SPORT<br\/>As children grow, they must be careful not to overuse one part of their body in relation to another, as this can lead to bone and muscle imbalances.<\/p>\n\n<p>Those who practice sports regularly and intensively sometimes complain of leg pain. These sports-related injuries occur in particular because bones remain fragile in children and adolescents. This can lead to inflammation of an apophysis (apophysitis), the bony protrusion to which muscles attach. Such inflammation occurs when tension increases in tendon groups and muscles, which is exacerbated by the stress of repeated running and jumping.    The most common apophysitis occurs in the heel and upper leg, near the kneecap.<\/p>\n\n<p>To avoid problems, it is therefore important to maintain a healthy lifestyle, exercise without overdoing it, and consult a foot specialist as soon as a problem arises.<\/p>\n\n<\/div><\/div>\n<\/section>    <\/article>\n<\/div>\n\n<\/div>\n<\/div><div class=\"bde-column-857-110 bde-column\">\n  \n  \n\t\n\n\n\n<div class=\"bde-div-857-111 bde-div\">\n  \n  \n\t\n\n\n\n<h3 class=\"bde-heading-857-112 bde-heading\">\nRecent Posts\n<\/h3><div class=\"bde-fancy-divider-857-113 bde-fancy-divider\">\n\n\n<div class=\"bde-fancy-divider__wrapper\">\n  <div class=\"bde-fancy-divider__separator   \">\n  \t  <\/div>\n<\/div>\n\n<\/div><div class=\"bde-post-loop-857-114 bde-post-loop\">\n<div class=\"bde-loop bde-loop- ee-posts ee-posts-\">    <article class=\"bde-loop-item ee-post\">\n        <div class=\"bde-columns-140-100-1043-140-1 bde-columns bde-columns-140-100\"><div class=\"bde-column-140-101-1043-140-1 bde-column bde-column-140-101\">\n  \n  \n\t\n\n\n\n<div class=\"bde-div-140-104-1043-140-1 bde-div bde-div-140-104\">\n  \n  \n\t\n\n\n\n<a class=\"bde-container-link-140-108-1043-140-1 bde-container-link bde-container-link-140-108 breakdance-link\" href=\"https:\/\/noraclinique.com\/en\/little-feet-will-grow-big\/\" target=\"_self\" data-type=\"url\">\n  \n  \n\t\n\n\n\n<img decoding=\"async\" class=\"bde-image2-140-103-1043-140-1 bde-image2 bde-image2-140-103\" src=\"https:\/\/noraclinique.com\/wp-content\/uploads\/2024\/11\/1.jpg\" alt=\"Three images of people having their feet scanned; those on the left have flat feet, and those on the right have normal feet.\" loading=\"lazy\" srcset=\"https:\/\/noraclinique.com\/wp-content\/uploads\/2024\/11\/1.jpg 1920w, https:\/\/noraclinique.com\/wp-content\/uploads\/2024\/11\/1-300x169.jpg 300w, https:\/\/noraclinique.com\/wp-content\/uploads\/2024\/11\/1-1024x576.jpg 1024w, https:\/\/noraclinique.com\/wp-content\/uploads\/2024\/11\/1-768x432.jpg 768w, https:\/\/noraclinique.com\/wp-content\/uploads\/2024\/11\/1-1536x864.jpg 1536w\" sizes=\"(max-width: 1920px) 100vw, 1920px\">\n\n<\/a>\n<\/div>\n<\/div><div class=\"bde-column-140-102-1043-140-1 bde-column bde-column-140-102\">\n  \n  \n\t\n\n\n\n<a class=\"bde-container-link-140-107-1043-140-1 bde-container-link bde-container-link-140-107 breakdance-link\" href=\"https:\/\/noraclinique.com\/en\/little-feet-will-grow-big\/\" target=\"_self\" data-type=\"url\">\n  \n  \n\t\n\n\n\n<h5 class=\"bde-heading-140-105-1043-140-1 bde-heading bde-heading-140-105\">\nLittle feet will grow big\n<\/h5>\n\n<\/a><ul class=\"bde-post-meta-140-106-1043-140-1 bde-post-meta bde-post-meta-140-106\">\n            <li class=\"ee-postmeta-date-wrap\">\n                                                            <div class=\"ee-postmeta-icon breakdance-icon-atom\"><svg xmlns=\"http:\/\/www.w3.org\/2000\/svg\" viewBox=\"0 0 448 512\"><!-- Font Awesome Free 5.15.1 by @fontawesome - https:\/\/fontawesome.com License - https:\/\/fontawesome.com\/license\/free (Icons: CC BY 4.0, Fonts: SIL OFL 1.1, Code: MIT License) --><path d=\"M148 288h-40c-6.6 0-12-5.4-12-12v-40c0-6.6 5.4-12 12-12h40c6.6 0 12 5.4 12 12v40c0 6.6-5.4 12-12 12zm108-12v-40c0-6.6-5.4-12-12-12h-40c-6.6 0-12 5.4-12 12v40c0 6.6 5.4 12 12 12h40c6.6 0 12-5.4 12-12zm96 0v-40c0-6.6-5.4-12-12-12h-40c-6.6 0-12 5.4-12 12v40c0 6.6 5.4 12 12 12h40c6.6 0 12-5.4 12-12zm-96 96v-40c0-6.6-5.4-12-12-12h-40c-6.6 0-12 5.4-12 12v40c0 6.6 5.4 12 12 12h40c6.6 0 12-5.4 12-12zm-96 0v-40c0-6.6-5.4-12-12-12h-40c-6.6 0-12 5.4-12 12v40c0 6.6 5.4 12 12 12h40c6.6 0 12-5.4 12-12zm192 0v-40c0-6.6-5.4-12-12-12h-40c-6.6 0-12 5.4-12 12v40c0 6.6 5.4 12 12 12h40c6.6 0 12-5.4 12-12zm96-260v352c0 26.5-21.5 48-48 48H48c-26.5 0-48-21.5-48-48V112c0-26.5 21.5-48 48-48h48V12c0-6.6 5.4-12 12-12h40c6.6 0 12 5.4 12 12v52h128V12c0-6.6 5.4-12 12-12h40c6.6 0 12 5.4 12 12v52h48c26.5 0 48 21.5 48 48zm-48 346V160H48v298c0 3.3 2.7 6 6 6h340c3.3 0 6-2.7 6-6z\"\/><\/svg><\/div>                    <span class=\"ee-postmeta-date\">2024-05-11<\/span>\n                                <\/li>\n            \n<\/ul>\n<\/div><\/div>    <\/article>\n<\/div>\n\n<\/div>\n<\/div>\n<\/div><\/div><\/div>\n<\/section>","protected":false},"excerpt":{"rendered":"<p>Blog Accueil Little feet will grow big Nora Fertikh, T.P. proth\u00e8se-orth\u00e8se, Podo-orth\u00e9siste, directrice de laboratoire orthop\u00e8dique When children reach the age of eight, their feet are already fully developed. Boys and girls therefore benefit from acquiring habits that will contribute to good overall motor skills as early as possible. At the onset of puberty, the [&hellip;]<\/p>\n","protected":false},"author":1,"featured_media":0,"parent":0,"menu_order":0,"comment_status":"closed","ping_status":"closed","template":"","meta":{"_acf_changed":false,"_breakdance_hide_in_design_set":false,"_breakdance_tags":"","footnotes":""},"class_list":["post-857","page","type-page","status-publish","hentry"],"acf":[],"yoast_head":"<!-- This site is optimized with the Yoast SEO plugin v26.0 - https:\/\/yoast.com\/wordpress\/plugins\/seo\/ -->\n<title>Blog<\/title>\n<meta name=\"description\" content=\"Discover the blog articles from Nora&#039;s orthopedic laboratory in Montreal. Benefit from an experienced pedorthist with over 25 years of experience!\" \/>\n<meta name=\"robots\" content=\"index, follow, max-snippet:-1, max-image-preview:large, max-video-preview:-1\" \/>\n<link rel=\"canonical\" href=\"https:\/\/noraclinique.com\/en\/blog\/\" \/>\n<meta property=\"og:locale\" content=\"en_US\" \/>\n<meta property=\"og:type\" content=\"article\" \/>\n<meta property=\"og:title\" content=\"Blog\" \/>\n<meta property=\"og:description\" content=\"Discover the blog articles from Nora&#039;s orthopedic laboratory in Montreal. Benefit from an experienced pedorthist with over 25 years of experience!\" \/>\n<meta property=\"og:url\" content=\"https:\/\/noraclinique.com\/en\/blog\/\" \/>\n<meta property=\"og:site_name\" content=\"NORA Clinique du pied\" \/>\n<meta property=\"article:publisher\" content=\"https:\/\/www.facebook.com\/noracliniquedupied\/\" \/>\n<meta property=\"article:modified_time\" content=\"2025-10-30T21:02:48+00:00\" \/>\n<meta name=\"twitter:card\" content=\"summary_large_image\" \/>\n<meta name=\"twitter:label1\" content=\"Est. reading time\" \/>\n\t<meta name=\"twitter:data1\" content=\"5 minutes\" \/>\n<script type=\"application\/ld+json\" class=\"yoast-schema-graph\">{\"@context\":\"https:\/\/schema.org\",\"@graph\":[{\"@type\":\"WebPage\",\"@id\":\"https:\/\/noraclinique.com\/en\/blog\/\",\"url\":\"https:\/\/noraclinique.com\/en\/blog\/\",\"name\":\"Blog\",\"isPartOf\":{\"@id\":\"https:\/\/noraclinique.com\/en\/#website\"},\"datePublished\":\"2024-11-12T03:04:33+00:00\",\"dateModified\":\"2025-10-30T21:02:48+00:00\",\"description\":\"Discover the blog articles from Nora's orthopedic laboratory in Montreal. Benefit from an experienced pedorthist with over 25 years of experience!\",\"breadcrumb\":{\"@id\":\"https:\/\/noraclinique.com\/en\/blog\/#breadcrumb\"},\"inLanguage\":\"en-CA\",\"potentialAction\":[{\"@type\":\"ReadAction\",\"target\":[\"https:\/\/noraclinique.com\/en\/blog\/\"]}]},{\"@type\":\"BreadcrumbList\",\"@id\":\"https:\/\/noraclinique.com\/en\/blog\/#breadcrumb\",\"itemListElement\":[{\"@type\":\"ListItem\",\"position\":1,\"name\":\"Accueil\",\"item\":\"https:\/\/noraclinique.com\/en\/\"},{\"@type\":\"ListItem\",\"position\":2,\"name\":\"Blog\"}]},{\"@type\":\"WebSite\",\"@id\":\"https:\/\/noraclinique.com\/en\/#website\",\"url\":\"https:\/\/noraclinique.com\/en\/\",\"name\":\"NORA Clinique du pied\",\"description\":\"Le savoir-faire qui fait la diff\u00e9rence\",\"publisher\":{\"@id\":\"https:\/\/noraclinique.com\/en\/#organization\"},\"potentialAction\":[{\"@type\":\"SearchAction\",\"target\":{\"@type\":\"EntryPoint\",\"urlTemplate\":\"https:\/\/noraclinique.com\/en\/?s={search_term_string}\"},\"query-input\":{\"@type\":\"PropertyValueSpecification\",\"valueRequired\":true,\"valueName\":\"search_term_string\"}}],\"inLanguage\":\"en-CA\"},{\"@type\":\"Organization\",\"@id\":\"https:\/\/noraclinique.com\/en\/#organization\",\"name\":\"NORA Clinique du pied\",\"url\":\"https:\/\/noraclinique.com\/en\/\",\"logo\":{\"@type\":\"ImageObject\",\"inLanguage\":\"en-CA\",\"@id\":\"https:\/\/noraclinique.com\/en\/#\/schema\/logo\/image\/\",\"url\":\"https:\/\/noraclinique.com\/wp-content\/uploads\/2024\/11\/cropped-Nora_postit_3X4_Final.png\",\"contentUrl\":\"https:\/\/noraclinique.com\/wp-content\/uploads\/2024\/11\/cropped-Nora_postit_3X4_Final.png\",\"width\":512,\"height\":512,\"caption\":\"NORA Clinique du pied\"},\"image\":{\"@id\":\"https:\/\/noraclinique.com\/en\/#\/schema\/logo\/image\/\"},\"sameAs\":[\"https:\/\/www.facebook.com\/noracliniquedupied\/\"]}]}<\/script>\n<!-- \/ Yoast SEO plugin. -->","yoast_head_json":{"title":"Blog","description":"Discover the blog articles from Nora's orthopedic laboratory in Montreal. Benefit from an experienced pedorthist with over 25 years of experience!","robots":{"index":"index","follow":"follow","max-snippet":"max-snippet:-1","max-image-preview":"max-image-preview:large","max-video-preview":"max-video-preview:-1"},"canonical":"https:\/\/noraclinique.com\/en\/blog\/","og_locale":"en_US","og_type":"article","og_title":"Blog","og_description":"Discover the blog articles from Nora's orthopedic laboratory in Montreal. Benefit from an experienced pedorthist with over 25 years of experience!","og_url":"https:\/\/noraclinique.com\/en\/blog\/","og_site_name":"NORA Clinique du pied","article_publisher":"https:\/\/www.facebook.com\/noracliniquedupied\/","article_modified_time":"2025-10-30T21:02:48+00:00","twitter_card":"summary_large_image","twitter_misc":{"Est. reading time":"5 minutes"},"schema":{"@context":"https:\/\/schema.org","@graph":[{"@type":"WebPage","@id":"https:\/\/noraclinique.com\/en\/blog\/","url":"https:\/\/noraclinique.com\/en\/blog\/","name":"Blog","isPartOf":{"@id":"https:\/\/noraclinique.com\/en\/#website"},"datePublished":"2024-11-12T03:04:33+00:00","dateModified":"2025-10-30T21:02:48+00:00","description":"Discover the blog articles from Nora's orthopedic laboratory in Montreal. Benefit from an experienced pedorthist with over 25 years of experience!","breadcrumb":{"@id":"https:\/\/noraclinique.com\/en\/blog\/#breadcrumb"},"inLanguage":"en-CA","potentialAction":[{"@type":"ReadAction","target":["https:\/\/noraclinique.com\/en\/blog\/"]}]},{"@type":"BreadcrumbList","@id":"https:\/\/noraclinique.com\/en\/blog\/#breadcrumb","itemListElement":[{"@type":"ListItem","position":1,"name":"Accueil","item":"https:\/\/noraclinique.com\/en\/"},{"@type":"ListItem","position":2,"name":"Blog"}]},{"@type":"WebSite","@id":"https:\/\/noraclinique.com\/en\/#website","url":"https:\/\/noraclinique.com\/en\/","name":"NORA Clinique du pied","description":"Le savoir-faire qui fait la diff\u00e9rence","publisher":{"@id":"https:\/\/noraclinique.com\/en\/#organization"},"potentialAction":[{"@type":"SearchAction","target":{"@type":"EntryPoint","urlTemplate":"https:\/\/noraclinique.com\/en\/?s={search_term_string}"},"query-input":{"@type":"PropertyValueSpecification","valueRequired":true,"valueName":"search_term_string"}}],"inLanguage":"en-CA"},{"@type":"Organization","@id":"https:\/\/noraclinique.com\/en\/#organization","name":"NORA Clinique du pied","url":"https:\/\/noraclinique.com\/en\/","logo":{"@type":"ImageObject","inLanguage":"en-CA","@id":"https:\/\/noraclinique.com\/en\/#\/schema\/logo\/image\/","url":"https:\/\/noraclinique.com\/wp-content\/uploads\/2024\/11\/cropped-Nora_postit_3X4_Final.png","contentUrl":"https:\/\/noraclinique.com\/wp-content\/uploads\/2024\/11\/cropped-Nora_postit_3X4_Final.png","width":512,"height":512,"caption":"NORA Clinique du pied"},"image":{"@id":"https:\/\/noraclinique.com\/en\/#\/schema\/logo\/image\/"},"sameAs":["https:\/\/www.facebook.com\/noracliniquedupied\/"]}]}},"_links":{"self":[{"href":"https:\/\/noraclinique.com\/en\/wp-json\/wp\/v2\/pages\/857","targetHints":{"allow":["GET"]}}],"collection":[{"href":"https:\/\/noraclinique.com\/en\/wp-json\/wp\/v2\/pages"}],"about":[{"href":"https:\/\/noraclinique.com\/en\/wp-json\/wp\/v2\/types\/page"}],"author":[{"embeddable":true,"href":"https:\/\/noraclinique.com\/en\/wp-json\/wp\/v2\/users\/1"}],"replies":[{"embeddable":true,"href":"https:\/\/noraclinique.com\/en\/wp-json\/wp\/v2\/comments?post=857"}],"version-history":[{"count":0,"href":"https:\/\/noraclinique.com\/en\/wp-json\/wp\/v2\/pages\/857\/revisions"}],"wp:attachment":[{"href":"https:\/\/noraclinique.com\/en\/wp-json\/wp\/v2\/media?parent=857"}],"curies":[{"name":"wp","href":"https:\/\/api.w.org\/{rel}","templated":true}]}}