{"id":874,"date":"2024-11-11T22:05:13","date_gmt":"2024-11-12T03:05:13","guid":{"rendered":"https:\/\/noraclinique.com\/?page_id=874"},"modified":"2025-10-30T16:04:45","modified_gmt":"2025-10-30T21:04:45","slug":"contact","status":"publish","type":"page","link":"https:\/\/noraclinique.com\/en\/contact\/","title":{"rendered":"Contact Us"},"content":{"rendered":"<section class=\"bde-section-874-100 bde-section\">\n  \n  \n\t\n\n\n\n<div class=\"section-container\"><div class=\"bde-columns-874-101 bde-columns\"><div class=\"bde-column-874-102 bde-column\">\n  \n  \n\t\n\n\n\n\n<\/div><div class=\"bde-column-874-103 bde-column\">\n  \n  \n\t\n\n\n\n<h1 class=\"bde-heading-874-104 bde-heading\">\nContact Us\n<\/h1><div class=\"bde-breadcrumbs-874-105 bde-breadcrumbs\">\n<span><span><a href=\"https:\/\/noraclinique.com\/en\/\">Accueil<\/a><\/span><\/span>\n<\/div>\n<\/div><\/div><\/div>\n<\/section><section class=\"bde-section-874-106 bde-section\">\n  \n  \n\t\n\n\n\n<div class=\"section-container\"><div class=\"bde-columns-874-107 bde-columns\"><div class=\"bde-column-874-108 bde-column\">\n  \n  \n\t\n\n\n\n<div class=\"bde-code-block-874-109 bde-code-block\">\n\n  <iframe class=\"map_google2\" src=\"https:\/\/www.google.com\/maps\/embed?pb=!1m18!1m12!1m3!1d2794.47008355084!2d-73.62038552324574!3d45.54086832831934!2m3!1f0!2f0!3f0!3m2!1i1024!2i768!4f13.1!3m3!1m2!1s0x4cc919166ddb95cf%3A0x1ed0d9061f53cd22!2sLaboratoire%20orthop%C3%A9dique%20-%20NORA%20Clinique%20du%20Pied!5e0!3m2!1sfr!2sfr!4v1706111201851!5m2!1sfr!2sfr\" style=\"border:0;\" allowfullscreen=\"\" loading=\"lazy\" referrerpolicy=\"no-referrer-when-downgrade\"><\/iframe>\n\n\n<\/div>\n<\/div><div class=\"bde-column-874-110 bde-column\">\n  \n  \n\t\n\n\n\n<h2 class=\"bde-heading-874-111 bde-heading\">\nContact us\n<\/h2><div class=\"bde-fancy-divider-874-112 bde-fancy-divider\">\n\n\n<div class=\"bde-fancy-divider__wrapper\">\n  <div class=\"bde-fancy-divider__separator   \">\n  \t  <\/div>\n<\/div>\n\n<\/div><div class=\"bde-text-874-113 bde-text\">\nIf you have any questions, please do not hesitate to contact us.<br>\n<\/div><div class=\"bde-form-builder-874-114 bde-form-builder\">\n\n\n<form id=\"contact-form114\" class=\"breakdance-form breakdance-form--vertical\" data-options=\"{&quot;slug&quot;:&quot;custom&quot;,&quot;name&quot;:&quot;Contact Form&quot;,&quot;ajaxUrl&quot;:&quot;https:\\\/\\\/noraclinique.com\\\/wp-admin\\\/admin-ajax.php&quot;,&quot;clearOnSuccess&quot;:true,&quot;hideOnSuccess&quot;:false,&quot;successMessage&quot;:&quot;Your message was sent&quot;,&quot;errorMessage&quot;:&quot;Something did not work&quot;,&quot;redirect&quot;:true,&quot;redirectUrl&quot;:&quot;\\\/merci-de-nous-avoir-contacte\\\/&quot;,&quot;customJavaScript&quot;:&quot;&quot;,&quot;recaptcha&quot;:{&quot;key&quot;:&quot;6LfXMoUqAAAAAPM7uAF0nOEr3XOF82rLydamv98A&quot;,&quot;enabled&quot;:true},&quot;honeypot_enabled&quot;:true,&quot;popupsOnSuccess&quot;:[],&quot;popupsOnError&quot;:[]}\" data-steps=\"0\" >\n  \n  \n  \n<div class=\"breakdance-form-field breakdance-form-field--text breakdance-form-field__hide-label\" >\n    \n    \n            <label class=\"breakdance-form-field__label\" for=\"nom\">\n            Nom<span class=\"breakdance-form-field__required\">*<\/span>\n        <\/label>\n    \n    <input\n    class=\"breakdance-form-field__input\"\n    id=\"nom\"\n    aria-describedby=\"nom\"\n    type=\"text\"\n    name=\"fields[nom]\"\n    placeholder=\"Last name\"\n    value=\"\"\n                \n        \n        \n    required\n    \n    \n    \n>\n\n\n    \n    \n<\/div>\n\n\n<div class=\"breakdance-form-field breakdance-form-field--text breakdance-form-field__hide-label\" >\n    \n    \n            <label class=\"breakdance-form-field__label\" for=\"prenom\">\n            Pr\u00e9nom<span class=\"breakdance-form-field__required\">*<\/span>\n        <\/label>\n    \n    <input\n    class=\"breakdance-form-field__input\"\n    id=\"prenom\"\n    aria-describedby=\"prenom\"\n    type=\"text\"\n    name=\"fields[prenom]\"\n    placeholder=\"First name\"\n    value=\"\"\n                \n        \n        \n    required\n    \n    \n    \n>\n\n\n    \n    \n<\/div>\n\n\n<div class=\"breakdance-form-field breakdance-form-field--email breakdance-form-field__hide-label\" >\n    \n    \n            <label class=\"breakdance-form-field__label\" for=\"email\">\n            Email<span class=\"breakdance-form-field__required\">*<\/span>\n        <\/label>\n    \n    <input\n    class=\"breakdance-form-field__input\"\n    id=\"email\"\n    aria-describedby=\"email\"\n    type=\"email\"\n    name=\"fields[email]\"\n    placeholder=\"Email\"\n    value=\"\"\n                \n        \n        \n    required\n    \n    \n    \n>\n\n\n    \n    \n<\/div>\n\n\n<div class=\"breakdance-form-field breakdance-form-field--tel breakdance-form-field__hide-label\" >\n    \n    \n            <label class=\"breakdance-form-field__label\" for=\"telephone\">\n            T\u00e9l\u00e9phone<span class=\"breakdance-form-field__required\">*<\/span>\n        <\/label>\n    \n    <input\n    class=\"breakdance-form-field__input\"\n    id=\"telephone\"\n    aria-describedby=\"telephone\"\n    type=\"tel\"\n    name=\"fields[telephone]\"\n    placeholder=\"Phone\"\n    value=\"\"\n                \n        \n        \n    required\n    \n    \n    \n>\n\n\n    \n    \n<\/div>\n\n\n<div class=\"breakdance-form-field breakdance-form-field--textarea breakdance-form-field__hide-label\" >\n    \n    \n            <label class=\"breakdance-form-field__label\" for=\"message\">\n            Message<span class=\"breakdance-form-field__required\">*<\/span>\n        <\/label>\n    \n    <textarea\n    class=\"breakdance-form-field__input\"\n    id=\"message\"\n    aria-describedby=\"message\"\n    type=\"textarea\"\n    name=\"fields[message]\"\n        placeholder=\"Your message\"\n    required\n    >\n<\/textarea>\n\n\n    \n    \n<\/div>\n\n\n<div class=\"breakdance-form-field breakdance-form-field--hpinput\" >\n    \n    \n            <label class=\"breakdance-form-field__label\" for=\"hpname\">\n            HP Name\n        <\/label>\n    \n    <input\n    class=\"breakdance-form-field__input\"\n    id=\"hpname\"\n    aria-describedby=\"hpname\"\n    type=\"hpinput\"\n    name=\"fields[hpname]\"\n    placeholder=\"\"\n    value=\"\"\n                \n        \n        \n    \n    autocomplete=\"off\"\n    tabindex=\"-1\"\n    \n>\n\n\n    \n    \n<\/div>\n\n\n  \n\n<div class=\"breakdance-form-field breakdance-form-footer\">\n    \n    \n                                    \n    \n    \n    \n    \n            \n            <button type=\"submit\" class=\"button-atom button-atom--primary breakdance-form-button breakdance-form-button__submit\"  >\n    \n        <span class=\"button-atom__text\">Send message<\/span>\n\n        \n        \n            <\/button>\n    \n    <input type=\"hidden\" name=\"form_id\" value=\"114\">\n    <input type=\"hidden\" name=\"post_id\" value=\"874\">\n<\/div>\n\n  \n<\/form>\n\n\n\n<\/div>\n<\/div><\/div><\/div>\n<\/section><section class=\"bde-section-874-115 bde-section\">\n  \n  \n\t\n\n\n\n<div class=\"section-container\"><div class=\"bde-columns-874-116 bde-columns\"><div class=\"bde-column-874-117 bde-column\">\n  \n  \n\t\n\n\n\n<div class=\"bde-div-874-118 bde-div\">\n  \n  \n\t\n\n\n\n<div class=\"bde-icon-874-119 bde-icon\">\n\n    \n            <div class=\"bde-icon-icon breakdance-icon-atom\" >\n    \n                    <svg xmlns=\"http:\/\/www.w3.org\/2000\/svg\" id=\"icon-phone\" viewBox=\"0 0 32 32\">\n<path d=\"M22 20c-2 2-2 4-4 4s-4-2-6-4-4-4-4-6 2-2 4-4-4-8-6-8-6 6-6 6c0 4 4.109 12.109 8 16s12 8 16 8c0 0 6-4 6-6s-6-8-8-6z\"\/>\n<\/svg>\n        \n        \n        \n            <\/div>\n    \n\n\n<\/div><div class=\"bde-div-874-120 bde-div\">\n  \n  \n\t\n\n\n\n<h4 class=\"bde-heading-874-121 bde-heading\">\n+1 514-278-2799\n<\/h4><div class=\"bde-text-874-122 bde-text\">\ninfo@noracliniquedupied.com\n<\/div>\n<\/div>\n<\/div>\n<\/div><div class=\"bde-column-874-123 bde-column\">\n  \n  \n\t\n\n\n\n<div class=\"bde-div-874-124 bde-div\">\n  \n  \n\t\n\n\n\n<div class=\"bde-icon-874-125 bde-icon\">\n\n    \n            <div class=\"bde-icon-icon breakdance-icon-atom\" >\n    \n                    <svg xmlns=\"http:\/\/www.w3.org\/2000\/svg\" viewBox=\"0 0 384 512\"><!-- Font Awesome Free 5.15.1 by @fontawesome - https:\/\/fontawesome.com License - https:\/\/fontawesome.com\/license\/free (Icons: CC BY 4.0, Fonts: SIL OFL 1.1, Code: MIT License) --><path d=\"M172.268 501.67C26.97 291.031 0 269.413 0 192 0 85.961 85.961 0 192 0s192 85.961 192 192c0 77.413-26.97 99.031-172.268 309.67-9.535 13.774-29.93 13.773-39.464 0zM192 272c44.183 0 80-35.817 80-80s-35.817-80-80-80-80 35.817-80 80 35.817 80 80 80z\"\/><\/svg>\n        \n        \n        \n            <\/div>\n    \n\n\n<\/div><div class=\"bde-div-874-126 bde-div\">\n  \n  \n\t\n\n\n\n<h4 class=\"bde-heading-874-127 bde-heading\">\n7401, Lajeunesse\n<\/h4><div class=\"bde-text-874-128 bde-text\">\nMontr\u00e9al QC H2R 2J1\n<\/div>\n<\/div>\n<\/div>\n<\/div><div class=\"bde-column-874-129 bde-column\">\n  \n  \n\t\n\n\n\n<div class=\"bde-div-874-130 bde-div\">\n  \n  \n\t\n\n\n\n<div class=\"bde-icon-874-131 bde-icon\">\n\n    \n            <div class=\"bde-icon-icon breakdance-icon-atom\" >\n    \n                    <svg xmlns=\"http:\/\/www.w3.org\/2000\/svg\" id=\"icon-clock\" viewBox=\"0 0 32 32\">\n<path d=\"M20.586 23.414l-6.586-6.586v-8.828h4v7.172l5.414 5.414zM16 0c-8.837 0-16 7.163-16 16s7.163 16 16 16 16-7.163 16-16-7.163-16-16-16zM16 28c-6.627 0-12-5.373-12-12s5.373-12 12-12c6.627 0 12 5.373 12 12s-5.373 12-12 12z\"\/>\n<\/svg>\n        \n        \n        \n            <\/div>\n    \n\n\n<\/div><div class=\"bde-div-874-132 bde-div\">\n  \n  \n\t\n\n\n\n<h4 class=\"bde-heading-874-133 bde-heading\">\nOpening hours\n<\/h4><div class=\"bde-text-874-134 bde-text\">\nMonday - Friday: 10 AM - 7 PM<br>Saturday: 10 AM - 5 PM<br>Sunday : Closed\n<\/div>\n<\/div>\n<\/div>\n<\/div><\/div><\/div>\n<\/section>","protected":false},"excerpt":{"rendered":"<p>Contact Us Accueil Contact us If you have any questions, please do not hesitate to contact us. Nom* Pr\u00e9nom* Email* T\u00e9l\u00e9phone* Message* HP Name Send message +1 514-278-2799 info@noracliniquedupied.com 7401, Lajeunesse Montr\u00e9al QC H2R 2J1 Opening hours Monday &#8211; Friday: 10 AM &#8211; 7 PMSaturday: 10 AM &#8211; 5 PMSunday : Closed<\/p>\n","protected":false},"author":1,"featured_media":0,"parent":0,"menu_order":0,"comment_status":"closed","ping_status":"closed","template":"","meta":{"_acf_changed":false,"_breakdance_hide_in_design_set":false,"_breakdance_tags":"","footnotes":""},"class_list":["post-874","page","type-page","status-publish","hentry"],"acf":[],"yoast_head":"<!-- This site is optimized with the Yoast SEO plugin v26.0 - https:\/\/yoast.com\/wordpress\/plugins\/seo\/ -->\n<title>Contact Us<\/title>\n<meta name=\"description\" content=\"Contact Nora&#039;s orthopedic laboratory with all your questions and benefit from the expertise of a pedorthist with over 25 years of experience!\" \/>\n<meta name=\"robots\" content=\"index, follow, max-snippet:-1, max-image-preview:large, max-video-preview:-1\" \/>\n<link rel=\"canonical\" href=\"https:\/\/noraclinique.com\/en\/contact\/\" \/>\n<meta property=\"og:locale\" content=\"en_US\" \/>\n<meta property=\"og:type\" content=\"article\" \/>\n<meta property=\"og:title\" content=\"Contact Us\" \/>\n<meta property=\"og:description\" content=\"Contact Nora&#039;s orthopedic laboratory with all your questions and benefit from the expertise of a pedorthist with over 25 years of experience!\" \/>\n<meta property=\"og:url\" content=\"https:\/\/noraclinique.com\/en\/contact\/\" \/>\n<meta property=\"og:site_name\" content=\"NORA Clinique du pied\" \/>\n<meta property=\"article:publisher\" content=\"https:\/\/www.facebook.com\/noracliniquedupied\/\" \/>\n<meta property=\"article:modified_time\" content=\"2025-10-30T21:04:45+00:00\" \/>\n<meta name=\"twitter:card\" content=\"summary_large_image\" \/>\n<meta name=\"twitter:label1\" content=\"Est. reading time\" \/>\n\t<meta name=\"twitter:data1\" content=\"1 minute\" \/>\n<script type=\"application\/ld+json\" class=\"yoast-schema-graph\">{\"@context\":\"https:\/\/schema.org\",\"@graph\":[{\"@type\":\"WebPage\",\"@id\":\"https:\/\/noraclinique.com\/en\/contact\/\",\"url\":\"https:\/\/noraclinique.com\/en\/contact\/\",\"name\":\"Contact Us\",\"isPartOf\":{\"@id\":\"https:\/\/noraclinique.com\/en\/#website\"},\"datePublished\":\"2024-11-12T03:05:13+00:00\",\"dateModified\":\"2025-10-30T21:04:45+00:00\",\"description\":\"Contact Nora's orthopedic laboratory with all your questions and benefit from the expertise of a pedorthist with over 25 years of experience!\",\"breadcrumb\":{\"@id\":\"https:\/\/noraclinique.com\/en\/contact\/#breadcrumb\"},\"inLanguage\":\"en-CA\",\"potentialAction\":[{\"@type\":\"ReadAction\",\"target\":[\"https:\/\/noraclinique.com\/en\/contact\/\"]}]},{\"@type\":\"BreadcrumbList\",\"@id\":\"https:\/\/noraclinique.com\/en\/contact\/#breadcrumb\",\"itemListElement\":[{\"@type\":\"ListItem\",\"position\":1,\"name\":\"Accueil\",\"item\":\"https:\/\/noraclinique.com\/en\/\"},{\"@type\":\"ListItem\",\"position\":2,\"name\":\"Contact Us\"}]},{\"@type\":\"WebSite\",\"@id\":\"https:\/\/noraclinique.com\/en\/#website\",\"url\":\"https:\/\/noraclinique.com\/en\/\",\"name\":\"NORA Clinique du pied\",\"description\":\"Le savoir-faire qui fait la diff\u00e9rence\",\"publisher\":{\"@id\":\"https:\/\/noraclinique.com\/en\/#organization\"},\"potentialAction\":[{\"@type\":\"SearchAction\",\"target\":{\"@type\":\"EntryPoint\",\"urlTemplate\":\"https:\/\/noraclinique.com\/en\/?s={search_term_string}\"},\"query-input\":{\"@type\":\"PropertyValueSpecification\",\"valueRequired\":true,\"valueName\":\"search_term_string\"}}],\"inLanguage\":\"en-CA\"},{\"@type\":\"Organization\",\"@id\":\"https:\/\/noraclinique.com\/en\/#organization\",\"name\":\"NORA Clinique du pied\",\"url\":\"https:\/\/noraclinique.com\/en\/\",\"logo\":{\"@type\":\"ImageObject\",\"inLanguage\":\"en-CA\",\"@id\":\"https:\/\/noraclinique.com\/en\/#\/schema\/logo\/image\/\",\"url\":\"https:\/\/noraclinique.com\/wp-content\/uploads\/2024\/11\/cropped-Nora_postit_3X4_Final.png\",\"contentUrl\":\"https:\/\/noraclinique.com\/wp-content\/uploads\/2024\/11\/cropped-Nora_postit_3X4_Final.png\",\"width\":512,\"height\":512,\"caption\":\"NORA Clinique du pied\"},\"image\":{\"@id\":\"https:\/\/noraclinique.com\/en\/#\/schema\/logo\/image\/\"},\"sameAs\":[\"https:\/\/www.facebook.com\/noracliniquedupied\/\"]}]}<\/script>\n<!-- \/ Yoast SEO plugin. -->","yoast_head_json":{"title":"Contact Us","description":"Contact Nora's orthopedic laboratory with all your questions and benefit from the expertise of a pedorthist with over 25 years of experience!","robots":{"index":"index","follow":"follow","max-snippet":"max-snippet:-1","max-image-preview":"max-image-preview:large","max-video-preview":"max-video-preview:-1"},"canonical":"https:\/\/noraclinique.com\/en\/contact\/","og_locale":"en_US","og_type":"article","og_title":"Contact Us","og_description":"Contact Nora's orthopedic laboratory with all your questions and benefit from the expertise of a pedorthist with over 25 years of experience!","og_url":"https:\/\/noraclinique.com\/en\/contact\/","og_site_name":"NORA Clinique du pied","article_publisher":"https:\/\/www.facebook.com\/noracliniquedupied\/","article_modified_time":"2025-10-30T21:04:45+00:00","twitter_card":"summary_large_image","twitter_misc":{"Est. reading time":"1 minute"},"schema":{"@context":"https:\/\/schema.org","@graph":[{"@type":"WebPage","@id":"https:\/\/noraclinique.com\/en\/contact\/","url":"https:\/\/noraclinique.com\/en\/contact\/","name":"Contact Us","isPartOf":{"@id":"https:\/\/noraclinique.com\/en\/#website"},"datePublished":"2024-11-12T03:05:13+00:00","dateModified":"2025-10-30T21:04:45+00:00","description":"Contact Nora's orthopedic laboratory with all your questions and benefit from the expertise of a pedorthist with over 25 years of experience!","breadcrumb":{"@id":"https:\/\/noraclinique.com\/en\/contact\/#breadcrumb"},"inLanguage":"en-CA","potentialAction":[{"@type":"ReadAction","target":["https:\/\/noraclinique.com\/en\/contact\/"]}]},{"@type":"BreadcrumbList","@id":"https:\/\/noraclinique.com\/en\/contact\/#breadcrumb","itemListElement":[{"@type":"ListItem","position":1,"name":"Accueil","item":"https:\/\/noraclinique.com\/en\/"},{"@type":"ListItem","position":2,"name":"Contact Us"}]},{"@type":"WebSite","@id":"https:\/\/noraclinique.com\/en\/#website","url":"https:\/\/noraclinique.com\/en\/","name":"NORA Clinique du pied","description":"Le savoir-faire qui fait la diff\u00e9rence","publisher":{"@id":"https:\/\/noraclinique.com\/en\/#organization"},"potentialAction":[{"@type":"SearchAction","target":{"@type":"EntryPoint","urlTemplate":"https:\/\/noraclinique.com\/en\/?s={search_term_string}"},"query-input":{"@type":"PropertyValueSpecification","valueRequired":true,"valueName":"search_term_string"}}],"inLanguage":"en-CA"},{"@type":"Organization","@id":"https:\/\/noraclinique.com\/en\/#organization","name":"NORA Clinique du pied","url":"https:\/\/noraclinique.com\/en\/","logo":{"@type":"ImageObject","inLanguage":"en-CA","@id":"https:\/\/noraclinique.com\/en\/#\/schema\/logo\/image\/","url":"https:\/\/noraclinique.com\/wp-content\/uploads\/2024\/11\/cropped-Nora_postit_3X4_Final.png","contentUrl":"https:\/\/noraclinique.com\/wp-content\/uploads\/2024\/11\/cropped-Nora_postit_3X4_Final.png","width":512,"height":512,"caption":"NORA Clinique du pied"},"image":{"@id":"https:\/\/noraclinique.com\/en\/#\/schema\/logo\/image\/"},"sameAs":["https:\/\/www.facebook.com\/noracliniquedupied\/"]}]}},"_links":{"self":[{"href":"https:\/\/noraclinique.com\/en\/wp-json\/wp\/v2\/pages\/874","targetHints":{"allow":["GET"]}}],"collection":[{"href":"https:\/\/noraclinique.com\/en\/wp-json\/wp\/v2\/pages"}],"about":[{"href":"https:\/\/noraclinique.com\/en\/wp-json\/wp\/v2\/types\/page"}],"author":[{"embeddable":true,"href":"https:\/\/noraclinique.com\/en\/wp-json\/wp\/v2\/users\/1"}],"replies":[{"embeddable":true,"href":"https:\/\/noraclinique.com\/en\/wp-json\/wp\/v2\/comments?post=874"}],"version-history":[{"count":0,"href":"https:\/\/noraclinique.com\/en\/wp-json\/wp\/v2\/pages\/874\/revisions"}],"wp:attachment":[{"href":"https:\/\/noraclinique.com\/en\/wp-json\/wp\/v2\/media?parent=874"}],"curies":[{"name":"wp","href":"https:\/\/api.w.org\/{rel}","templated":true}]}}