{"id":886,"date":"2024-11-11T22:04:57","date_gmt":"2024-11-12T03:04:57","guid":{"rendered":"https:\/\/noraclinique.com\/?page_id=886"},"modified":"2025-10-30T16:07:35","modified_gmt":"2025-10-30T21:07:35","slug":"about","status":"publish","type":"page","link":"https:\/\/noraclinique.com\/en\/about\/","title":{"rendered":"Nora Fertikh &#8211; Pedorthist in Montreal"},"content":{"rendered":"<section class=\"bde-section-886-100 bde-section\">\n  \n  \n\t\n\n\n\n<div class=\"section-container\"><div class=\"bde-columns-886-101 bde-columns\"><div class=\"bde-column-886-102 bde-column\">\n  \n  \n\t\n\n\n\n\n<\/div><div class=\"bde-column-886-103 bde-column\">\n  \n  \n\t\n\n\n\n<h1 class=\"bde-heading-886-104 bde-heading\">\nNora Fertikh &#8211; Pedorthist in Montreal\n<\/h1><div class=\"bde-breadcrumbs-886-105 bde-breadcrumbs\">\n<span><span><a href=\"https:\/\/noraclinique.com\/en\/\">Accueil<\/a><\/span><\/span>\n<\/div>\n<\/div><\/div><\/div>\n<\/section><section class=\"bde-section-886-106 bde-section\">\n  \n  \n\t\n\n\n\n<div class=\"section-container\"><div class=\"bde-columns-886-107 bde-columns\"><div class=\"bde-column-886-108 bde-column\">\n  \n  \n\t\n\n\n\n<div class=\"bde-text-886-109 bde-text\">\nAbout us\n<\/div><h2 class=\"bde-heading-886-110 bde-heading\">\nNora Fertikh\n<\/h2><h3 class=\"bde-heading-886-111 bde-heading\">\nPractical training in prosthetics and orthotics, Podiatrist, Foot orthotist,<br>Director of orthopedic laboratory,\n<\/h3><h2 class=\"bde-heading-886-112 bde-heading\">\nA renowned specialist in foot orthotics\n<\/h2><div class=\"bde-text-886-113 bde-text\">\nMore and more people have been placing their trust in foot orthotist Nora Fertikh for 25 years. Here's why.\n<\/div><div class=\"bde-checkmark-list-886-114 bde-checkmark-list\">\n<ul>\n  \n              \n              \n    <li>\n      <span class='bde-checkmark-list__icon bde-checkmark-list__icon_yes  bg-yes'>\n                  <svg xmlns=\"http:\/\/www.w3.org\/2000\/svg\" viewBox=\"0 0 24 24\"><path d=\"M18.71,7.21a1,1,0,0,0-1.42,0L9.84,14.67,6.71,11.53A1,1,0,1,0,5.29,13l3.84,3.84a1,1,0,0,0,1.42,0l8.16-8.16A1,1,0,0,0,18.71,7.21Z\"\/><\/svg>\n              <\/span>\n      <div >\n        A graduate of the Acad\u00e9mie de Paris, Nora Fertikh has held a certificate in orthopedic orthotics and prosthetics since 1997.\n      <\/div>\n\n    <\/li>\n\n  \n              \n              \n    <li>\n      <span class='bde-checkmark-list__icon bde-checkmark-list__icon_yes  bg-yes'>\n                  <svg xmlns=\"http:\/\/www.w3.org\/2000\/svg\" viewBox=\"0 0 24 24\"><path d=\"M18.71,7.21a1,1,0,0,0-1.42,0L9.84,14.67,6.71,11.53A1,1,0,1,0,5.29,13l3.84,3.84a1,1,0,0,0,1.42,0l8.16-8.16A1,1,0,0,0,18.71,7.21Z\"\/><\/svg>\n              <\/span>\n      <div >\n        Shortly after completing her studies, she moved to Montreal, where she gained recognition for her skills and obtained a college diploma in podo-orthotics. The Ministry of Health and Social Services then granted her a foot orthotics laboratory license, which enabled her to found Nora Clinique du pied.<br>\n      <\/div>\n\n    <\/li>\n\n  \n              \n              \n    <li>\n      <span class='bde-checkmark-list__icon bde-checkmark-list__icon_yes  bg-yes'>\n                  <svg xmlns=\"http:\/\/www.w3.org\/2000\/svg\" viewBox=\"0 0 24 24\"><path d=\"M18.71,7.21a1,1,0,0,0-1.42,0L9.84,14.67,6.71,11.53A1,1,0,1,0,5.29,13l3.84,3.84a1,1,0,0,0,1.42,0l8.16-8.16A1,1,0,0,0,18.71,7.21Z\"\/><\/svg>\n              <\/span>\n      <div >\n        Whether you call her a podo-orthotist (the professional title in France), a foot orthotist, or a podo-orthotist (terms commonly used in Quebec), Nora Fertikh is a true expert in orthotics!\n      <\/div>\n\n    <\/li>\n\n  <\/ul>\n\n<\/div>\n<\/div><div class=\"bde-column-886-115 bde-column\">\n  \n  \n\t\n\n\n\n<div class=\"bde-div-886-116 bde-div\">\n  \n  \n\t\n\n\n\n<img decoding=\"async\" class=\"bde-image2-886-117 bde-image2\" src=\"http:\/\/noraclinique.ecweb.dev\/wp-content\/uploads\/2024\/11\/clinique1.jpeg\" alt=\"Photo de l&#039;int\u00e9rieur de Nora Clinique du pied\" loading=\"lazy\" srcset=\"https:\/\/noraclinique.com\/wp-content\/uploads\/2024\/11\/clinique1.jpeg 2048w, https:\/\/noraclinique.com\/wp-content\/uploads\/2024\/11\/clinique1-300x225.jpeg 300w, https:\/\/noraclinique.com\/wp-content\/uploads\/2024\/11\/clinique1-1024x768.jpeg 1024w, https:\/\/noraclinique.com\/wp-content\/uploads\/2024\/11\/clinique1-768x576.jpeg 768w, https:\/\/noraclinique.com\/wp-content\/uploads\/2024\/11\/clinique1-1536x1152.jpeg 1536w\" sizes=\"(max-width: 2048px) 100vw, 2048px\">\n<\/div>\n<\/div><\/div><\/div>\n<\/section><section class=\"bde-section-886-118 bde-section\">\n  \n  \n\t\n\n\n\n<div class=\"section-container\"><h2 class=\"bde-heading-886-119 bde-heading\">\nNora Fertikh's renowned expertise\n<\/h2><div class=\"bde-text-886-120 bde-text\">\nNora Fertikh is renowned for her expertise in foot orthotics. A member of the Ordre des technologues professionnels du Qu\u00e9bec, she has decades of research and development experience under her belt.<br><br>She is constantly innovating by acquiring state-of-the-art equipment and finding ever more effective materials to manufacture her orthotics.<br><br>The Sainte-Justine University Hospital Center and the Institut de r\u00e9adaptation en d\u00e9ficience physique de Qu\u00e9bec often call on her expertise in the field of orthopedic materials. She has been collaborating on their orthopedic device design projects for over 20 years.\n<\/div><div class=\"bde-blockquote-886-121 bde-blockquote\">\n      <p class=\"above-text_blockquote-icon\"><span class=\"blockquote-icon\"><svg xmlns=\"http:\/\/www.w3.org\/2000\/svg\" id=\"icon-quotes-left\" viewBox=\"0 0 32 32\">\r\n<path d=\"M7.031 14c3.866 0 7 3.134 7 7s-3.134 7-7 7-7-3.134-7-7l-0.031-1c0-7.732 6.268-14 14-14v4c-2.671 0-5.182 1.040-7.071 2.929-0.364 0.364-0.695 0.751-0.995 1.157 0.357-0.056 0.724-0.086 1.097-0.086zM25.031 14c3.866 0 7 3.134 7 7s-3.134 7-7 7-7-3.134-7-7l-0.031-1c0-7.732 6.268-14 14-14v4c-2.671 0-5.182 1.040-7.071 2.929-0.364 0.364-0.695 0.751-0.995 1.157 0.358-0.056 0.724-0.086 1.097-0.086z\"\/>\r\n<\/svg><\/span><\/p>\n    <p >Nora has also written several articles published in the magazines Marche et randonn\u00e9e (now called Rando Qu\u00e9bec) and Guide ressources.<\/p>\n  \n<\/div><\/div>\n<\/section><section class=\"bde-section-886-122 bde-section\">\n  \n  \n\t\n\n\n\n<div class=\"section-container\"><div class=\"bde-columns-886-123 bde-columns\"><div class=\"bde-column-886-124 bde-column\">\n  \n  \n\t\n\n\n\n<h2 class=\"bde-heading-886-125 bde-heading\">\nA sports pedorthist serving athletes\n<\/h2><div class=\"bde-text-886-126 bde-text\">\nIt's no surprise that many athletes walk\u2014or run!\u2014to Nora Fertikh's clinic. As a fitness enthusiast herself, this professional technologist understands their needs.<br>\n<\/div><div class=\"bde-checkmark-list-886-127 bde-checkmark-list\">\n<ul>\n  \n              \n              \n    <li>\n      <span class='bde-checkmark-list__icon bde-checkmark-list__icon_yes  bg-yes'>\n                  <svg xmlns=\"http:\/\/www.w3.org\/2000\/svg\" viewBox=\"0 0 24 24\"><path d=\"M18.71,7.21a1,1,0,0,0-1.42,0L9.84,14.67,6.71,11.53A1,1,0,1,0,5.29,13l3.84,3.84a1,1,0,0,0,1.42,0l8.16-8.16A1,1,0,0,0,18.71,7.21Z\"\/><\/svg>\n              <\/span>\n      <div >\n        This former marathon runner regularly enjoys running and tennis, as well as other sports depending on her mood: Pilates, yoga, tai chi, Essentrics, ballet-fit, and boxing.\n      <\/div>\n\n    <\/li>\n\n  \n              \n              \n    <li>\n      <span class='bde-checkmark-list__icon bde-checkmark-list__icon_yes  bg-yes'>\n                  <svg xmlns=\"http:\/\/www.w3.org\/2000\/svg\" viewBox=\"0 0 24 24\"><path d=\"M18.71,7.21a1,1,0,0,0-1.42,0L9.84,14.67,6.71,11.53A1,1,0,1,0,5.29,13l3.84,3.84a1,1,0,0,0,1.42,0l8.16-8.16A1,1,0,0,0,18.71,7.21Z\"\/><\/svg>\n              <\/span>\n      <div >\n        Physical activity is also of paramount importance to many of Nora's clients. She therefore does everything she can to help her clients exercise safely and pain-free.\n      <\/div>\n\n    <\/li>\n\n  <\/ul>\n\n<\/div>\n<\/div><div class=\"bde-column-886-128 bde-column\">\n  \n  \n\t\n\n\n\n<div class=\"bde-div-886-129 bde-div\">\n  \n  \n\t\n\n\n\n<img decoding=\"async\" class=\"bde-image2-886-130 bde-image2\" src=\"http:\/\/noraclinique.ecweb.dev\/wp-content\/uploads\/2024\/11\/clinique2.jpeg\" alt=\"Photo de l&#039;int\u00e9rieur de Nora Clinique du pied\" loading=\"lazy\" srcset=\"https:\/\/noraclinique.com\/wp-content\/uploads\/2024\/11\/clinique2.jpeg 2048w, https:\/\/noraclinique.com\/wp-content\/uploads\/2024\/11\/clinique2-300x225.jpeg 300w, https:\/\/noraclinique.com\/wp-content\/uploads\/2024\/11\/clinique2-1024x768.jpeg 1024w, https:\/\/noraclinique.com\/wp-content\/uploads\/2024\/11\/clinique2-768x576.jpeg 768w, https:\/\/noraclinique.com\/wp-content\/uploads\/2024\/11\/clinique2-1536x1152.jpeg 1536w\" sizes=\"(max-width: 2048px) 100vw, 2048px\">\n<\/div>\n<\/div><\/div><\/div>\n<\/section><section class=\"bde-section-886-131 bde-section\">\n  \n  \n\t\n\n\n\n<div class=\"section-container\"><h3 class=\"bde-heading-886-132 bde-heading\">\nProfessional and friendly service\n<\/h3><div class=\"bde-text-886-133 bde-text\">\nNo matter what your lifestyle is, and whether your favorite shoes are safety boots or high-heeled sandals, your feet are in good hands with Nora Fertikh!<br><br>This pedorthist's extensive knowledge allows her to improve the quality of life of her diverse clientele. People appreciate not only Nora's professionalism, but also her warm welcome and attention to their needs.<br><br>Nora Fertikh takes the time to thoroughly examine their feet, answer their questions, and adjust their orthotics, all with a smile.<br><br>There are many recommendations on the web that attest to this, including the following examples:\n<\/div><\/div>\n<\/section><section class=\"bde-section-886-134 bde-section\">\n  \n  \n\t\n\n\n\n<div class=\"section-container\"><div class=\"bde-blockquote-886-135 bde-blockquote\">\n      <p class=\"above-text_blockquote-icon\"><span class=\"blockquote-icon\"><svg xmlns=\"http:\/\/www.w3.org\/2000\/svg\" id=\"icon-quotes-left\" viewBox=\"0 0 32 32\">\r\n<path d=\"M7.031 14c3.866 0 7 3.134 7 7s-3.134 7-7 7-7-3.134-7-7l-0.031-1c0-7.732 6.268-14 14-14v4c-2.671 0-5.182 1.040-7.071 2.929-0.364 0.364-0.695 0.751-0.995 1.157 0.357-0.056 0.724-0.086 1.097-0.086zM25.031 14c3.866 0 7 3.134 7 7s-3.134 7-7 7-7-3.134-7-7l-0.031-1c0-7.732 6.268-14 14-14v4c-2.671 0-5.182 1.040-7.071 2.929-0.364 0.364-0.695 0.751-0.995 1.157 0.358-0.056 0.724-0.086 1.097-0.086z\"\/>\r\n<\/svg><\/span><\/p>\n    <p >I have been doing business with Nora for 20 years for my orthotics. The service is always professional and friendly, and Nora is happy to make adjustments to the orthotics to maximize our comfort. Her prices are also very reasonable. In short, I highly recommend the service at this wonderful clinic, where you are not just a number! [Translated]<\/p>\n    <cite >Sylvie Roy<\/cite>\n\n<\/div><div class=\"bde-blockquote-886-136 bde-blockquote\">\n      <p class=\"above-text_blockquote-icon\"><span class=\"blockquote-icon\"><svg xmlns=\"http:\/\/www.w3.org\/2000\/svg\" id=\"icon-quotes-left\" viewBox=\"0 0 32 32\">\r\n<path d=\"M7.031 14c3.866 0 7 3.134 7 7s-3.134 7-7 7-7-3.134-7-7l-0.031-1c0-7.732 6.268-14 14-14v4c-2.671 0-5.182 1.040-7.071 2.929-0.364 0.364-0.695 0.751-0.995 1.157 0.357-0.056 0.724-0.086 1.097-0.086zM25.031 14c3.866 0 7 3.134 7 7s-3.134 7-7 7-7-3.134-7-7l-0.031-1c0-7.732 6.268-14 14-14v4c-2.671 0-5.182 1.040-7.071 2.929-0.364 0.364-0.695 0.751-0.995 1.157 0.358-0.056 0.724-0.086 1.097-0.086z\"\/>\r\n<\/svg><\/span><\/p>\n    <p >I really enjoyed my experience. Very fast and efficient service, very professional and courteous. My children really liked it too. We even had Laina, her dog, to keep us company. I highly recommend this clinic. [Translated]<\/p>\n    <cite >Jean-Gardy Victor<\/cite>\n\n<\/div><div class=\"bde-blockquote-886-137 bde-blockquote\">\n      <p class=\"above-text_blockquote-icon\"><span class=\"blockquote-icon\"><svg xmlns=\"http:\/\/www.w3.org\/2000\/svg\" id=\"icon-quotes-left\" viewBox=\"0 0 32 32\">\r\n<path d=\"M7.031 14c3.866 0 7 3.134 7 7s-3.134 7-7 7-7-3.134-7-7l-0.031-1c0-7.732 6.268-14 14-14v4c-2.671 0-5.182 1.040-7.071 2.929-0.364 0.364-0.695 0.751-0.995 1.157 0.357-0.056 0.724-0.086 1.097-0.086zM25.031 14c3.866 0 7 3.134 7 7s-3.134 7-7 7-7-3.134-7-7l-0.031-1c0-7.732 6.268-14 14-14v4c-2.671 0-5.182 1.040-7.071 2.929-0.364 0.364-0.695 0.751-0.995 1.157 0.358-0.056 0.724-0.086 1.097-0.086z\"\/>\r\n<\/svg><\/span><\/p>\n    <p >Nora has been treating my daughter for her orthotics for several years now. Nora is attentive, patient, and very professional in her diagnoses. My daughter loves her, as does Laina. We recommend her clinic without hesitation. Thank you, Nora, for taking care of my daughter's feet. [Translated]<\/p>\n    <cite >Yso Croy<\/cite>\n\n<\/div><\/div>\n<\/section>","protected":false},"excerpt":{"rendered":"<p>Nora Fertikh &#8211; Pedorthist in Montreal Accueil About us Nora Fertikh Practical training in prosthetics and orthotics, Podiatrist, Foot orthotist,Director of orthopedic laboratory, A renowned specialist in foot orthotics More and more people have been placing their trust in foot orthotist Nora Fertikh for 25 years. Here&#8217;s why. A graduate of the Acad\u00e9mie de Paris, [&hellip;]<\/p>\n","protected":false},"author":1,"featured_media":0,"parent":0,"menu_order":0,"comment_status":"closed","ping_status":"closed","template":"","meta":{"_acf_changed":false,"_breakdance_hide_in_design_set":false,"_breakdance_tags":"","footnotes":""},"class_list":["post-886","page","type-page","status-publish","hentry"],"acf":[],"yoast_head":"<!-- This site is optimized with the Yoast SEO plugin v26.0 - https:\/\/yoast.com\/wordpress\/plugins\/seo\/ -->\n<title>Nora Fertikh - Pedorthist in Montreal<\/title>\n<meta name=\"description\" content=\"Meet Nora, owner of the orthopedic laboratory, and an expert in custom plantar orthotics for over 25 years!\" \/>\n<meta name=\"robots\" content=\"index, follow, max-snippet:-1, max-image-preview:large, max-video-preview:-1\" \/>\n<link rel=\"canonical\" href=\"https:\/\/noraclinique.com\/en\/about\/\" \/>\n<meta property=\"og:locale\" content=\"en_US\" \/>\n<meta property=\"og:type\" content=\"article\" \/>\n<meta property=\"og:title\" content=\"Nora Fertikh - Pedorthist in Montreal\" \/>\n<meta property=\"og:description\" content=\"Meet Nora, owner of the orthopedic laboratory, and an expert in custom plantar orthotics for over 25 years!\" \/>\n<meta property=\"og:url\" content=\"https:\/\/noraclinique.com\/en\/about\/\" \/>\n<meta property=\"og:site_name\" content=\"NORA Clinique du pied\" \/>\n<meta property=\"article:publisher\" content=\"https:\/\/www.facebook.com\/noracliniquedupied\/\" \/>\n<meta property=\"article:modified_time\" content=\"2025-10-30T21:07:35+00:00\" \/>\n<meta name=\"twitter:card\" content=\"summary_large_image\" \/>\n<meta name=\"twitter:label1\" content=\"Est. reading time\" \/>\n\t<meta name=\"twitter:data1\" content=\"4 minutes\" \/>\n<script type=\"application\/ld+json\" class=\"yoast-schema-graph\">{\"@context\":\"https:\/\/schema.org\",\"@graph\":[{\"@type\":\"WebPage\",\"@id\":\"https:\/\/noraclinique.com\/en\/about\/\",\"url\":\"https:\/\/noraclinique.com\/en\/about\/\",\"name\":\"Nora Fertikh - Pedorthist in Montreal\",\"isPartOf\":{\"@id\":\"https:\/\/noraclinique.com\/en\/#website\"},\"datePublished\":\"2024-11-12T03:04:57+00:00\",\"dateModified\":\"2025-10-30T21:07:35+00:00\",\"description\":\"Meet Nora, owner of the orthopedic laboratory, and an expert in custom plantar orthotics for over 25 years!\",\"breadcrumb\":{\"@id\":\"https:\/\/noraclinique.com\/en\/about\/#breadcrumb\"},\"inLanguage\":\"en-CA\",\"potentialAction\":[{\"@type\":\"ReadAction\",\"target\":[\"https:\/\/noraclinique.com\/en\/about\/\"]}]},{\"@type\":\"BreadcrumbList\",\"@id\":\"https:\/\/noraclinique.com\/en\/about\/#breadcrumb\",\"itemListElement\":[{\"@type\":\"ListItem\",\"position\":1,\"name\":\"Accueil\",\"item\":\"https:\/\/noraclinique.com\/en\/\"},{\"@type\":\"ListItem\",\"position\":2,\"name\":\"Nora Fertikh &#8211; Pedorthist in Montreal\"}]},{\"@type\":\"WebSite\",\"@id\":\"https:\/\/noraclinique.com\/en\/#website\",\"url\":\"https:\/\/noraclinique.com\/en\/\",\"name\":\"NORA Clinique du pied\",\"description\":\"Le savoir-faire qui fait la diff\u00e9rence\",\"publisher\":{\"@id\":\"https:\/\/noraclinique.com\/en\/#organization\"},\"potentialAction\":[{\"@type\":\"SearchAction\",\"target\":{\"@type\":\"EntryPoint\",\"urlTemplate\":\"https:\/\/noraclinique.com\/en\/?s={search_term_string}\"},\"query-input\":{\"@type\":\"PropertyValueSpecification\",\"valueRequired\":true,\"valueName\":\"search_term_string\"}}],\"inLanguage\":\"en-CA\"},{\"@type\":\"Organization\",\"@id\":\"https:\/\/noraclinique.com\/en\/#organization\",\"name\":\"NORA Clinique du pied\",\"url\":\"https:\/\/noraclinique.com\/en\/\",\"logo\":{\"@type\":\"ImageObject\",\"inLanguage\":\"en-CA\",\"@id\":\"https:\/\/noraclinique.com\/en\/#\/schema\/logo\/image\/\",\"url\":\"https:\/\/noraclinique.com\/wp-content\/uploads\/2024\/11\/cropped-Nora_postit_3X4_Final.png\",\"contentUrl\":\"https:\/\/noraclinique.com\/wp-content\/uploads\/2024\/11\/cropped-Nora_postit_3X4_Final.png\",\"width\":512,\"height\":512,\"caption\":\"NORA Clinique du pied\"},\"image\":{\"@id\":\"https:\/\/noraclinique.com\/en\/#\/schema\/logo\/image\/\"},\"sameAs\":[\"https:\/\/www.facebook.com\/noracliniquedupied\/\"]}]}<\/script>\n<!-- \/ Yoast SEO plugin. -->","yoast_head_json":{"title":"Nora Fertikh - Pedorthist in Montreal","description":"Meet Nora, owner of the orthopedic laboratory, and an expert in custom plantar orthotics for over 25 years!","robots":{"index":"index","follow":"follow","max-snippet":"max-snippet:-1","max-image-preview":"max-image-preview:large","max-video-preview":"max-video-preview:-1"},"canonical":"https:\/\/noraclinique.com\/en\/about\/","og_locale":"en_US","og_type":"article","og_title":"Nora Fertikh - Pedorthist in Montreal","og_description":"Meet Nora, owner of the orthopedic laboratory, and an expert in custom plantar orthotics for over 25 years!","og_url":"https:\/\/noraclinique.com\/en\/about\/","og_site_name":"NORA Clinique du pied","article_publisher":"https:\/\/www.facebook.com\/noracliniquedupied\/","article_modified_time":"2025-10-30T21:07:35+00:00","twitter_card":"summary_large_image","twitter_misc":{"Est. reading time":"4 minutes"},"schema":{"@context":"https:\/\/schema.org","@graph":[{"@type":"WebPage","@id":"https:\/\/noraclinique.com\/en\/about\/","url":"https:\/\/noraclinique.com\/en\/about\/","name":"Nora Fertikh - Pedorthist in Montreal","isPartOf":{"@id":"https:\/\/noraclinique.com\/en\/#website"},"datePublished":"2024-11-12T03:04:57+00:00","dateModified":"2025-10-30T21:07:35+00:00","description":"Meet Nora, owner of the orthopedic laboratory, and an expert in custom plantar orthotics for over 25 years!","breadcrumb":{"@id":"https:\/\/noraclinique.com\/en\/about\/#breadcrumb"},"inLanguage":"en-CA","potentialAction":[{"@type":"ReadAction","target":["https:\/\/noraclinique.com\/en\/about\/"]}]},{"@type":"BreadcrumbList","@id":"https:\/\/noraclinique.com\/en\/about\/#breadcrumb","itemListElement":[{"@type":"ListItem","position":1,"name":"Accueil","item":"https:\/\/noraclinique.com\/en\/"},{"@type":"ListItem","position":2,"name":"Nora Fertikh &#8211; Pedorthist in Montreal"}]},{"@type":"WebSite","@id":"https:\/\/noraclinique.com\/en\/#website","url":"https:\/\/noraclinique.com\/en\/","name":"NORA Clinique du pied","description":"Le savoir-faire qui fait la diff\u00e9rence","publisher":{"@id":"https:\/\/noraclinique.com\/en\/#organization"},"potentialAction":[{"@type":"SearchAction","target":{"@type":"EntryPoint","urlTemplate":"https:\/\/noraclinique.com\/en\/?s={search_term_string}"},"query-input":{"@type":"PropertyValueSpecification","valueRequired":true,"valueName":"search_term_string"}}],"inLanguage":"en-CA"},{"@type":"Organization","@id":"https:\/\/noraclinique.com\/en\/#organization","name":"NORA Clinique du pied","url":"https:\/\/noraclinique.com\/en\/","logo":{"@type":"ImageObject","inLanguage":"en-CA","@id":"https:\/\/noraclinique.com\/en\/#\/schema\/logo\/image\/","url":"https:\/\/noraclinique.com\/wp-content\/uploads\/2024\/11\/cropped-Nora_postit_3X4_Final.png","contentUrl":"https:\/\/noraclinique.com\/wp-content\/uploads\/2024\/11\/cropped-Nora_postit_3X4_Final.png","width":512,"height":512,"caption":"NORA Clinique du pied"},"image":{"@id":"https:\/\/noraclinique.com\/en\/#\/schema\/logo\/image\/"},"sameAs":["https:\/\/www.facebook.com\/noracliniquedupied\/"]}]}},"_links":{"self":[{"href":"https:\/\/noraclinique.com\/en\/wp-json\/wp\/v2\/pages\/886","targetHints":{"allow":["GET"]}}],"collection":[{"href":"https:\/\/noraclinique.com\/en\/wp-json\/wp\/v2\/pages"}],"about":[{"href":"https:\/\/noraclinique.com\/en\/wp-json\/wp\/v2\/types\/page"}],"author":[{"embeddable":true,"href":"https:\/\/noraclinique.com\/en\/wp-json\/wp\/v2\/users\/1"}],"replies":[{"embeddable":true,"href":"https:\/\/noraclinique.com\/en\/wp-json\/wp\/v2\/comments?post=886"}],"version-history":[{"count":0,"href":"https:\/\/noraclinique.com\/en\/wp-json\/wp\/v2\/pages\/886\/revisions"}],"wp:attachment":[{"href":"https:\/\/noraclinique.com\/en\/wp-json\/wp\/v2\/media?parent=886"}],"curies":[{"name":"wp","href":"https:\/\/api.w.org\/{rel}","templated":true}]}}